{"id":5246,"date":"2025-04-22T16:57:59","date_gmt":"2025-04-22T16:57:59","guid":{"rendered":"https:\/\/odonata-certification.com\/impressum\/"},"modified":"2025-08-04T18:11:15","modified_gmt":"2025-08-04T18:11:15","slug":"impressum","status":"publish","type":"page","link":"https:\/\/odonata-certification.com\/es\/impressum\/","title":{"rendered":"Impres\u00adsum"},"content":{"rendered":"<p>[et_pb_section fb_built=\u201c1\u201d fullwidth=\u201con\u201d admin_label=\u201cODONATA HEADERSECTION\u201d _builder_version=\u201c4.22.2\u201d _module_preset=\u201cdefault\u201d custom_padding=\u201d||||false|false\u201d bottom_divider_style=\u201cwave2\u201d bottom_divider_color=\u201cgcid-c81eaab2-79f2-4f5d-8b74-792c64361064\u201d bottom_divider_height=\u201c66px\u201d bottom_divider_height_tablet=\u201c45px\u201d bottom_divider_height_phone=\u201c40px\u201d bottom_divider_height_last_edited=\u201con|phone\u201d da_disable_devices=\u201coff|off|off\u201d locked=\u201coff\u201d global_colors_info=\u201d{%22gcid-c81eaab2-79f2-4f5d-8b74-792c64361064%22:%91%22bottom_divider_color%22,%22bottom_divider_color%22%93}\u201d da_is_popup=\u201coff\u201d da_exit_intent=\u201coff\u201d da_has_close=\u201con\u201d da_alt_close=\u201coff\u201d da_dark_close=\u201coff\u201d da_not_modal=\u201con\u201d da_is_singular=\u201coff\u201d da_with_loader=\u201coff\u201d da_has_shadow=\u201con\u201d][et_pb_fullwidth_slider admin_label=\u201cODONATA SLIDER\u201d module_class=\u201csparccleslider\u201d _builder_version=\u201c4.27.4\u201d _module_preset=\u201cdefault\u201d custom_button=\u201con\u201d button_border_width=\u201c1px\u201d button_border_radius=\u201c10px\u201d content_width=\u201c90%\u201d content_max_width=\u201c2500px\u201d min_height=\u201c60vh\u201d min_height_tablet=\u201c62vh\u201d min_height_phone=\u201c70vh\u201d min_height_last_edited=\u201con|phone\u201d custom_margin=\u201d||||false|false\u201d custom_padding=\u201d||||false|false\u201d auto=\u201con\u201d auto_speed=\u201c8000\u201d global_colors_info=\u201d{}\u201d][et_pb_slide heading=\u201cImpressum\u201d _builder_version=\u201c4.27.4\u201d _module_preset=\u201cdefault\u201d header_level=\u201ch1\u201d background_image=\u201chttps:\/\/odonata-certification.com\/wp-content\/uploads\/2025\/04\/odonata-mariq-petkova-snd4Li9yd0c-unsplash.webp\u201d custom_padding=\u201d||||false|false\u201d global_colors_info=\u201d{%22gcid-336f4a24-294c-4d04-8e04-031bb20bf53d%22:%91%22background_color%22%93}\u201d custom_css_slide_title__hover_enabled=\u201coff|desktop\u201d sticky_transition=\u201con\u201d][\/et_pb_slide][\/et_pb_fullwidth_slider][\/et_pb_section][et_pb_section fb_built=\u201c1\u201d use_custom_gutter=\u201con\u201d specialty=\u201con\u201d background_color_1=\u201cgcid-126f4322-6c2a-4b86-a2b0-9c5f48a14bb6\u201d padding_top_2=\u201c0px\u201d padding_top_bottom_link_2=\u201cfalse\u201d padding_left_right_link_2=\u201cfalse\u201d module_class_1=\u201codonatacontent\u201d admin_label=\u201cODONATA CONTENT AREA\u201d module_class=\u201csparcclesection\u201d _builder_version=\u201c4.27.4\u201d _module_preset=\u201cdefault\u201d background_color=\u201cgcid-40ac1476-69d1-4a31-81e8-c0963a6b39c8\u201d use_background_color_gradient=\u201con\u201d background_color_gradient_stops=\u201cgcid-c81eaab2-79f2-4f5d-8b74-792c64361064 0%|#e2e2e2 25%\u201d background_enable_pattern_style=\u201con\u201d background_pattern_style=\u201cdiagonal-stripes\u20112\u201d background_pattern_color=\u201cgcid-c81eaab2-79f2-4f5d-8b74-792c64361064\u201d background_pattern_size=\u201ccustom\u201d background_pattern_width=\u201c5px\u201d background_pattern_height=\u201c7px\u201d inner_width=\u201c90%\u201d inner_max_width=\u201c2500px\u201d custom_padding=\u201d||||false|false\u201d da_disable_devices=\u201coff|off|off\u201d locked=\u201coff\u201d global_colors_info=\u201d{%22gcid-c81eaab2-79f2-4f5d-8b74-792c64361064%22:%91%22background_pattern_color%22,%22background_pattern_color%22%93,%22gcid-40ac1476-69d1-4a31-81e8-c0963a6b39c8%22:%91%22background_color_gradient_stops%22,%22background_color%22,%22background_color_gradient_stops%22,%22background_color%22%93,%22gcid-336f4a24-294c-4d04-8e04-031bb20bf53d%22:%91%22background_color%22,%22background_color%22%93,%22gcid-126f4322-6c2a-4b86-a2b0-9c5f48a14bb6%22:%91%22background_pattern_color%22,%22background_color_1%22%93}\u201d da_is_popup=\u201coff\u201d da_exit_intent=\u201coff\u201d da_has_close=\u201con\u201d da_alt_close=\u201coff\u201d da_dark_close=\u201coff\u201d da_not_modal=\u201con\u201d da_is_singular=\u201coff\u201d da_with_loader=\u201coff\u201d da_has_shadow=\u201con\u201d][et_pb_column type=\u201c3_4\u201d specialty_columns=\u201c3\u201d _builder_version=\u201c4.16\u201d custom_padding=\u201d|||\u201d global_colors_info=\u201d{}\u201d custom_padding__hover=\u201d|||\u201d][et_pb_row_inner admin_label=\u201cODONATA ROW\u201d module_class=\u201csparcclerow\u201d _builder_version=\u201c4.27.4\u201d _module_preset=\u201cdefault\u201d background_color=\u201cRGBA(255,255,255,0)\u201d global_colors_info=\u201d{}\u201d][et_pb_column_inner saved_specialty_column_type=\u201c3_4\u201d _builder_version=\u201c4.22.1\u201d _module_preset=\u201cdefault\u201d global_colors_info=\u201d{}\u201d][et_pb_code admin_label=\u201cBreadcrumbs\u201d module_class=\u201csparccletext\u201d _builder_version=\u201c4.27.4\u201d _module_preset=\u201cdefault\u201d custom_margin=\u201c0px|0px|25px|0px|false|false\u201d custom_margin_tablet=\u201d||25px||false|false\u201d custom_margin_phone=\u201d||25px||false|false\u201d custom_margin_last_edited=\u201coff|phone\u201d custom_padding=\u201c0px|0px|0px|0px|false|false\u201d global_module=\u201c1097\u201d saved_tabs=\u201call\u201d locked=\u201coff\u201d global_colors_info=\u201d{}\u201d]<span><span><a href=\"https:\/\/odonata-certification.com\/es\/inicio\/\">Ini\u00adcio<\/a><\/span><\/span>[\/et_pb_code][et_pb_text module_class=\u201csparccletext\u201d _builder_version=\u201c4.27.4\u201d _module_preset=\u201cdefault\u201d global_colors_info=\u201d{}\u201d admin_label=\u201cHeadline\u201d]<\/p>\n<h2>Impres\u00adsum<\/h2>\n<p>[\/et_pb_text][et_pb_divider color=\u201cgcid-16870387\u20132d4e-474e-bb8a-1d0c8a3aab7d\u201d divider_position=\u201ccenter\u201d divider_weight=\u201c1px\u201d admin_label=\u201cDivider\u201d _builder_version=\u201c4.27.4\u201d _module_preset=\u201cdefault\u201d height=\u201c20px\u201d custom_margin=\u201c2px|0px|8px|0px|false|false\u201d custom_padding=\u201c0px|0px|0px|0px|false|false\u201d global_module=\u201c843\u201d saved_tabs=\u201call\u201d global_colors_info=\u201d{%22gcid-16870387\u20132d4e-474e-bb8a-1d0c8a3aab7d%22:%91%22color%22%93}\u201d][\/et_pb_divider][\/et_pb_column_inner][\/et_pb_row_inner][et_pb_row_inner admin_label=\u201cODONATA ROW\u201d module_class=\u201csparcclerow\u201d _builder_version=\u201c4.27.4\u201d _module_preset=\u201cdefault\u201d background_color=\u201cRGBA(255,255,255,0)\u201d global_colors_info=\u201d{}\u201d][et_pb_column_inner saved_specialty_column_type=\u201c3_4\u201d _builder_version=\u201c4.22.1\u201d _module_preset=\u201cdefault\u201d global_colors_info=\u201d{}\u201d][et_pb_text module_class=\u201csparccletext\u201d _builder_version=\u201c4.27.4\u201d _module_preset=\u201cdefault\u201d global_colors_info=\u201d{}\u201d]<\/p>\n<h4>Angaben gem\u00e4\u00df \u00a7 5 TMG<\/h4>\n<p>Odona\u00adta Cer\u00adti\u00adfi\u00adca\u00adtion Ser\u00advices GmbH<br>Blu\u00admen\u00adstr. 19<br>70182 Stuttgart <\/p>\n<h5>Vertreten durch<\/h5>\n<p>Gesch\u00e4fts\u00adf\u00fchrer: Mar\u00adco Giral\u00addo<\/p>\n<h5>Con\u00adtac\u00adto<\/h5>\n<p>Tele\u00adfon: +49 711 248397\u20130<br>E\u2011Mail: <a href=\"mailto:info@odonata-certification.com\">info@odonata-certification.com<\/a><br>Web: <a href=\"http:\/\/www.odonata-certification.com\">www.odonata-certification.com<\/a><\/p>\n<h5>Reg\u00adis\u00adtere\u00adin\u00adtrag<\/h5>\n<p>Ein\u00adtra\u00adgung im Han\u00addel\u00adsreg\u00adis\u00adter<br>Reg\u00adis\u00adterg\u00adericht: Amts\u00adgericht Stuttgart<br>Reg\u00adis\u00adter\u00adnum\u00admer: 799052<\/p>\n<h5>Ver\u00adant\u00adwortlich f\u00fcr den Inhalt nach \u00a7 55 Abs. 2 RStV <\/h5>\n<p>Mar\u00adco Giral\u00addo<br>Blu\u00admen\u00adstr. 19<br>70182 Stuttgart <\/p>\n<h5>Stre\u00aditschlich\u00adtung<\/h5>\n<p>Die Europ\u00e4is\u00adche Kom\u00admis\u00adsion stellt eine Plat\u00adtform zur Online-Stre\u00adit\u00adbei\u00adle\u00adgung (OS) bere\u00adit: <a href=\"https:\/\/ec.europa.eu\/consumers\/odr\">https:\/\/ec.europa.eu\/consumers\/odr<\/a>. Unsere E\u2011Mail-Adresse find\u00aden Sie oben im Impres\u00adsum. Wir sind nicht bere\u00adit oder verpflichtet, an Stre\u00adit\u00adbei\u00adle\u00adgungsver\u00adfahren vor ein\u00ader Ver\u00adbrauch\u00ader\u00adschlich\u00adtungsstelle teilzunehmen.  <\/p>\n<h5>Haf\u00adtung f\u00fcr Inhalte<\/h5>\n<p>Als Dien\u00adstean\u00adbi\u00adeter sind wir gem\u00e4\u00df \u00a7 7 Abs.1 TMG f\u00fcr eigene Inhalte auf diesen Seit\u00aden nach den all\u00adge\u00admeinen Geset\u00adzen ver\u00adant\u00adwortlich. Nach \u00a7\u00a7 8 bis 10 TMG sind wir als Dien\u00adstean\u00adbi\u00adeter jedoch nicht verpflichtet, \u00fcber\u00admit\u00adtelte oder gespe\u00adicherte fremde Infor\u00adma\u00adtio\u00adnen zu \u00fcberwachen oder nach Umst\u00e4n\u00adden zu forschen, die auf eine rechtswidrige T\u00e4tigkeit hin\u00adweisen.  <\/p>\n<p>Verpflich\u00adtun\u00adgen zur Ent\u00adfer\u00adnung oder Sper\u00adrung der Nutzung von Infor\u00adma\u00adtio\u00adnen nach den all\u00adge\u00admeinen Geset\u00adzen bleiben hier\u00advon unber\u00fchrt. Eine dies\u00adbez\u00fcgliche Haf\u00adtung ist jedoch erst ab dem Zeit\u00adpunkt der Ken\u00adnt\u00adnis ein\u00ader konkreten Rechtsver\u00adlet\u00adzung m\u00f6glich. Bei Bekan\u00adntwer\u00adden von entsprechen\u00adden Rechtsver\u00adlet\u00adzun\u00adgen wer\u00adden wir diese Inhalte umge\u00adhend ent\u00adfer\u00adnen.  <\/p>\n<h5>Haf\u00adtung f\u00fcr Links<\/h5>\n<p>Unser Ange\u00adbot enth\u00e4lt Links zu exter\u00adnen Web\u00adsites Drit\u00adter, auf deren Inhalte wir keinen Ein\u00adfluss haben. Deshalb k\u00f6n\u00adnen wir f\u00fcr diese frem\u00adden Inhalte auch keine Gew\u00e4hr \u00fcbernehmen. F\u00fcr die Inhalte der ver\u00adlink\u00adten Seit\u00aden ist stets der jew\u00adeilige Anbi\u00adeter oder Betreiber der Seit\u00aden ver\u00adant\u00adwortlich. Die ver\u00adlink\u00adten Seit\u00aden wur\u00adden zum Zeit\u00adpunkt der Ver\u00adlinkung auf m\u00f6gliche Rechtsver\u00adst\u00f6\u00dfe \u00fcber\u00adpr\u00fcft. Rechtswidrige Inhalte waren zum Zeit\u00adpunkt der Ver\u00adlinkung nicht erkennbar.    <\/p>\n<p>Eine per\u00adma\u00adnente inhaltliche Kon\u00adtrolle der ver\u00adlink\u00adten Seit\u00aden ist jedoch ohne konkrete Anhalt\u00adspunk\u00adte ein\u00ader Rechtsver\u00adlet\u00adzung nicht zumut\u00adbar. Bei Bekan\u00adntwer\u00adden von Rechtsver\u00adlet\u00adzun\u00adgen wer\u00adden wir der\u00adar\u00adtige Links umge\u00adhend ent\u00adfer\u00adnen. <\/p>\n<h5>Urhe\u00adber\u00adrecht<\/h5>\n<p>Die durch die Seit\u00aden\u00adbe\u00adtreiber erstell\u00adten Inhalte und Werke auf diesen Seit\u00aden unter\u00adliegen dem deutschen Urhe\u00adber\u00adrecht. Die Vervielf\u00e4l\u00adti\u00adgung, Bear\u00adbeitung, Ver\u00adbre\u00aditung und jede Art der Ver\u00adw\u00ader\u00adtung au\u00dfer\u00adhalb der Gren\u00adzen des Urhe\u00adber\u00adrecht\u00ades bed\u00fcr\u00adfen der schriftlichen Zus\u00adtim\u00admung des jew\u00adeili\u00adgen Autors bzw. Erstellers. Down\u00adloads und Kopi\u00aden dieser Seite sind nur f\u00fcr den pri\u00advat\u00aden, nicht kom\u00admerziellen Gebrauch ges\u00adtat\u00adtet.  <\/p>\n<p>Soweit die Inhalte auf dieser Seite nicht vom Betreiber erstellt wur\u00adden, wer\u00adden die Urhe\u00adber\u00adrechte Drit\u00adter beachtet. Ins\u00adbeson\u00addere wer\u00adden Inhalte Drit\u00adter als solche gekennze\u00adich\u00adnet. Soll\u00adten Sie trotz\u00addem auf eine Urhe\u00adber\u00adrechtsver\u00adlet\u00adzung aufmerk\u00adsam wer\u00adden, bit\u00adten wir um einen entsprechen\u00adden Hin\u00adweis. Bei Bekan\u00adntwer\u00adden von Rechtsver\u00adlet\u00adzun\u00adgen wer\u00adden wir der\u00adar\u00adtige Inhalte umge\u00adhend ent\u00adfer\u00adnen.   <\/p>\n<h5>Konzep\u00adtion, Gestal\u00adtung und Pro\u00adgram\u00admierung<\/h5>\n<p>Kon\u00adtain\u00ader Media Design<\/p>\n<h5>Bil\u00addrechte<\/h5>\n<p>Unsplash.com, Odona\u00adta<\/p>\n<p>[\/et_pb_text][\/et_pb_column_inner][\/et_pb_row_inner][\/et_pb_column][et_pb_column type=\u201c1_4\u201d _builder_version=\u201c4.16\u201d custom_padding=\u201d|||\u201d global_colors_info=\u201d{}\u201d custom_padding__hover=\u201d|||\u201d][et_pb_search placeholder=\u201cIntroduce un t\u00e9r\u00admi\u00adno de b\u00fasque\u00adda\u201d admin_label=\u201cSEARCH\u201d _builder_version=\u201c4.27.4\u201d _module_preset=\u201cdefault\u201d button_font=\u201cgmn-med||||||||\u201d form_field_font=\u201crbts-reg-it||||||||\u201d background_color=\u201cgcid-126f4322-6c2a-4b86-a2b0-9c5f48a14bb6\u201d custom_margin=\u201d|0px||0px|false|false\u201d custom_margin_tablet=\u201c20px|0px|20px|0px|false|false\u201d custom_margin_phone=\u201c20px|0px|20px|0px|false|false\u201d custom_margin_last_edited=\u201con|desktop\u201d global_module=\u201c861\u201d saved_tabs=\u201call\u201d global_colors_info=\u201d{%22gcid-126f4322-6c2a-4b86-a2b0-9c5f48a14bb6%22:%91%22background_color%22%93}\u201d][\/et_pb_search][et_pb_text disabled_on=\u201con|on|on\u201d admin_label=\u201cTwitter\/X Inte\u00adgra\u00adtion\u201d module_class=\u201csparcclemodule\u201d _builder_version=\u201c4.27.4\u201d _module_preset=\u201cdefault\u201d background_color=\u201cgcid-126f4322-6c2a-4b86-a2b0-9c5f48a14bb6\u201d border_radii=\u201con|8px|8px|8px|8px\u201d box_shadow_style=\u201cpreset1\u201d disabled=\u201con\u201d global_module=\u201c916\u201d saved_tabs=\u201call\u201d global_colors_info=\u201d{%22gcid-126f4322-6c2a-4b86-a2b0-9c5f48a14bb6%22:%91%22background_color%22%93}\u201d]<\/p>\n<h3>Social Media Inte\u00adgra\u00adtion<\/h3>\n<p>\u2026 kommt noch<br>\u2026 hier evtl. auch Platz f\u00fcr Part\u00adner\u00adl\u00adogo (klein) oder \u201cQuick-Con\u00adtact\u201d<\/p>\n<p>[\/et_pb_text][et_pb_text disabled_on=\u201con|on|on\u201d admin_label=\u201cInfotext\u201d module_class=\u201csparcclemodule\u201d _builder_version=\u201c4.27.4\u201d _module_preset=\u201cdefault\u201d background_color=\u201cgcid-126f4322-6c2a-4b86-a2b0-9c5f48a14bb6\u201d border_radii=\u201con|8px|8px|8px|8px\u201d box_shadow_style=\u201cpreset1\u201d global_module=\u201c1057\u201d saved_tabs=\u201call\u201d global_colors_info=\u201d{%22gcid-126f4322-6c2a-4b86-a2b0-9c5f48a14bb6%22:%91%22background_color%22%93}\u201d]<\/p>\n<h3>Some Infor\u00adma\u00adtion<\/h3>\n<p>Lorem ipsum dolor sit amet, con\u00adsectetuer adip\u00adisc\u00ading elit. Aenean com\u00admo\u00addo ligu\u00adla eget dolor. Aenean mas\u00adsa.<\/p>\n<p>[\/et_pb_text][et_pb_sidebar orientation=\u201cright\u201d area=\u201cet_pb_widget_area_1\u201d show_border=\u201coff\u201d disabled_on=\u201coff|off|off\u201d module_class=\u201csparcclemodule odonata\u00adseit\u00aden\u00adleiste\u201d _builder_version=\u201c4.27.4\u201d _module_preset=\u201cdefault\u201d body_font=\u201cgmn-book||||||||\u201d background_color=\u201cgcid-126f4322-6c2a-4b86-a2b0-9c5f48a14bb6\u201d border_radii=\u201con|8px|8px|8px|8px\u201d box_shadow_style=\u201cpreset1\u201d global_module=\u201c1059\u201d saved_tabs=\u201call\u201d global_colors_info=\u201d{%22gcid-126f4322-6c2a-4b86-a2b0-9c5f48a14bb6%22:%91%22background_color%22%93}\u201d][\/et_pb_sidebar][et_pb_blurb title=\u201cContacto\u201d image=\u201chttps:\/\/odonata-certification.com\/wp-content\/uploads\/2025\/05\/Pauline-Gabrisch.webp\u201d icon_placement=\u201cleft\u201d image_icon_width=\u201c50px\u201d content_max_width=\u201c100%\u201d admin_label=\u201cKONTAKT Gabrisch\u201d module_class=\u201csparcclemodule\u201d _builder_version=\u201c4.27.4\u201d _module_preset=\u201cdefault\u201d background_color=\u201cgcid-126f4322-6c2a-4b86-a2b0-9c5f48a14bb6\u201d custom_margin_tablet=\u201c25px||||false|false\u201d custom_margin_phone=\u201c25px||||false|false\u201d custom_margin_last_edited=\u201con|desktop\u201d border_radii=\u201con|8px|8px|8px|8px\u201d border_radii_image=\u201con|0%|0%|0%|0%\u201d box_shadow_style=\u201cpreset1\u201d global_module=\u201c3902\u201d saved_tabs=\u201call\u201d locked=\u201coff\u201d global_colors_info=\u201d{%22gcid-126f4322-6c2a-4b86-a2b0-9c5f48a14bb6%22:%91%22background_color%22%93}\u201d]<\/p>\n<p style=\"font-weight: 400;\"><strong>Pauline Gabrisch<\/strong><\/p>\n<hr>\n<p style=\"font-weight: 400;\"><a href=\"tel:00497112483970\">+49 711 2483970<\/a><br><a href=\"mailto:info@odonata-certification.com\">info@odonata-certification.com<\/a><\/p>\n<p>[\/et_pb_blurb][\/et_pb_column][\/et_pb_section]<\/p>\n","protected":false},"excerpt":{"rendered":"<p><span><span><a href=\"https:\/\/odonata-certification.com\/es\/inicio\/\">Ini\u00adcio<\/a><\/span><\/span>Impres\u00adsumAngaben gem\u00e4\u00df \u00a7 5 TMG Odona\u00adta Cer\u00adti\u00adfi\u00adca\u00adtion Ser\u00advices Gmb\u00adH\u00adBlu\u00admen\u00adstr. 1970182 Stuttgart Vertreten durch Gesch\u00e4fts\u00adf\u00fchrer: Mar\u00adco Giral\u00addo Con\u00adtac\u00adto Tele\u00adfon: +49 711 248397\u20130E-Mail: info@odonata-certification.comWeb: www.odonata-certification.com Reg\u00adis\u00adtere\u00adin\u00adtrag Ein\u00adtra\u00adgung im Han\u00addel\u00adsreg\u00adis\u00adter\u00adReg\u00adis\u00adterg\u00adericht: Amts\u00adgericht StuttgartReg\u00adis\u00adter\u00adnum\u00admer: 799052 Ver\u00adant\u00adwortlich f\u00fcr den Inhalt nach \u00a7 55 Abs. 2 RStV Mar\u00adco Giral\u00addoBlu\u00admen\u00adstr. 1970182 Stuttgart Stre\u00aditschlich\u00adtung Die Europ\u00e4is\u00adche Kom\u00admis\u00adsion stellt eine Plat\u00adtform zur Online-Stre\u00adit\u00adbei\u00adle\u00adgung (OS) bere\u00adit: [\u2026]<\/p>\n","protected":false},"author":2,"featured_media":4995,"parent":0,"menu_order":0,"comment_status":"closed","ping_status":"closed","template":"","meta":{"_et_pb_use_builder":"on","_et_pb_old_content":"","_et_gb_content_width":"","wp_typography_post_enhancements_disabled":false,"footnotes":""},"class_list":["post-5246","page","type-page","status-publish","has-post-thumbnail","hentry"],"yoast_head":"<!-- This site is optimized with the Yoast SEO plugin v27.5 - https:\/\/yoast.com\/product\/yoast-seo-wordpress\/ -->\n<title>Impressum - Odonata<\/title>\n<meta name=\"robots\" content=\"index, follow, max-snippet:-1, max-image-preview:large, max-video-preview:-1\" \/>\n<link rel=\"canonical\" href=\"https:\/\/odonata-certification.com\/es\/impressum\/\" \/>\n<meta property=\"og:locale\" content=\"es_ES\" \/>\n<meta property=\"og:type\" content=\"article\" \/>\n<meta property=\"og:title\" content=\"Impressum - Odonata\" \/>\n<meta property=\"og:description\" content=\"ImpressumAngaben gem\u00e4\u00df \u00a7 5 TMG Odonata Certification Services GmbHBlumenstr. 1970182 Stuttgart Vertreten durch Gesch\u00e4ftsf\u00fchrer: Marco Giraldo Contacto Telefon: +49 711 248397-0E-Mail: info@odonata-certification.comWeb: www.odonata-certification.com Registereintrag Eintragung im HandelsregisterRegistergericht: Amtsgericht StuttgartRegisternummer: 799052 Verantwortlich f\u00fcr den Inhalt nach \u00a7 55 Abs. 2 RStV Marco GiraldoBlumenstr. 1970182 Stuttgart Streitschlichtung Die Europ\u00e4ische Kommission stellt eine Plattform zur Online-Streitbeilegung (OS) bereit: [&hellip;]\" \/>\n<meta property=\"og:url\" content=\"https:\/\/odonata-certification.com\/es\/impressum\/\" \/>\n<meta property=\"og:site_name\" content=\"Odonata\" \/>\n<meta property=\"article:modified_time\" content=\"2025-08-04T18:11:15+00:00\" \/>\n<meta name=\"twitter:card\" content=\"summary_large_image\" \/>\n<meta name=\"twitter:label1\" content=\"Tiempo de lectura\" \/>\n\t<meta name=\"twitter:data1\" content=\"8 minutos\" \/>\n<script type=\"application\/ld+json\" class=\"yoast-schema-graph\">{\"@context\":\"https:\\\/\\\/schema.org\",\"@graph\":[{\"@type\":\"WebPage\",\"@id\":\"https:\\\/\\\/odonata-certification.com\\\/es\\\/impressum\\\/\",\"url\":\"https:\\\/\\\/odonata-certification.com\\\/es\\\/impressum\\\/\",\"name\":\"Impressum - Odonata\",\"isPartOf\":{\"@id\":\"https:\\\/\\\/odonata-c9wiv5m56m.live-website.com\\\/#website\"},\"primaryImageOfPage\":{\"@id\":\"https:\\\/\\\/odonata-certification.com\\\/es\\\/impressum\\\/#primaryimage\"},\"image\":{\"@id\":\"https:\\\/\\\/odonata-certification.com\\\/es\\\/impressum\\\/#primaryimage\"},\"thumbnailUrl\":\"https:\\\/\\\/odonata-certification.com\\\/wp-content\\\/uploads\\\/2025\\\/04\\\/odonata-mariq-petkova-snd4Li9yd0c-unsplash.webp\",\"datePublished\":\"2025-04-22T16:57:59+00:00\",\"dateModified\":\"2025-08-04T18:11:15+00:00\",\"breadcrumb\":{\"@id\":\"https:\\\/\\\/odonata-certification.com\\\/es\\\/impressum\\\/#breadcrumb\"},\"inLanguage\":\"es\",\"potentialAction\":[{\"@type\":\"ReadAction\",\"target\":[\"https:\\\/\\\/odonata-certification.com\\\/es\\\/impressum\\\/\"]}]},{\"@type\":\"ImageObject\",\"inLanguage\":\"es\",\"@id\":\"https:\\\/\\\/odonata-certification.com\\\/es\\\/impressum\\\/#primaryimage\",\"url\":\"https:\\\/\\\/odonata-certification.com\\\/wp-content\\\/uploads\\\/2025\\\/04\\\/odonata-mariq-petkova-snd4Li9yd0c-unsplash.webp\",\"contentUrl\":\"https:\\\/\\\/odonata-certification.com\\\/wp-content\\\/uploads\\\/2025\\\/04\\\/odonata-mariq-petkova-snd4Li9yd0c-unsplash.webp\",\"width\":2400,\"height\":1200},{\"@type\":\"BreadcrumbList\",\"@id\":\"https:\\\/\\\/odonata-certification.com\\\/es\\\/impressum\\\/#breadcrumb\",\"itemListElement\":[{\"@type\":\"ListItem\",\"position\":1,\"name\":\"Inicio\",\"item\":\"https:\\\/\\\/odonata-certification.com\\\/es\\\/inicio\\\/\"},{\"@type\":\"ListItem\",\"position\":2,\"name\":\"Impressum\"}]},{\"@type\":\"WebSite\",\"@id\":\"https:\\\/\\\/odonata-c9wiv5m56m.live-website.com\\\/#website\",\"url\":\"https:\\\/\\\/odonata-c9wiv5m56m.live-website.com\\\/\",\"name\":\"Odonata\",\"description\":\"Certification Services\",\"potentialAction\":[{\"@type\":\"SearchAction\",\"target\":{\"@type\":\"EntryPoint\",\"urlTemplate\":\"https:\\\/\\\/odonata-c9wiv5m56m.live-website.com\\\/?s={search_term_string}\"},\"query-input\":{\"@type\":\"PropertyValueSpecification\",\"valueRequired\":true,\"valueName\":\"search_term_string\"}}],\"inLanguage\":\"es\"}]}<\/script>\n<!-- \/ Yoast SEO plugin. -->","yoast_head_json":{"title":"Impressum - Odonata","robots":{"index":"index","follow":"follow","max-snippet":"max-snippet:-1","max-image-preview":"max-image-preview:large","max-video-preview":"max-video-preview:-1"},"canonical":"https:\/\/odonata-certification.com\/es\/impressum\/","og_locale":"es_ES","og_type":"article","og_title":"Impressum - Odonata","og_description":"ImpressumAngaben gem\u00e4\u00df \u00a7 5 TMG Odonata Certification Services GmbHBlumenstr. 1970182 Stuttgart Vertreten durch Gesch\u00e4ftsf\u00fchrer: Marco Giraldo Contacto Telefon: +49 711 248397-0E-Mail: info@odonata-certification.comWeb: www.odonata-certification.com Registereintrag Eintragung im HandelsregisterRegistergericht: Amtsgericht StuttgartRegisternummer: 799052 Verantwortlich f\u00fcr den Inhalt nach \u00a7 55 Abs. 2 RStV Marco GiraldoBlumenstr. 1970182 Stuttgart Streitschlichtung Die Europ\u00e4ische Kommission stellt eine Plattform zur Online-Streitbeilegung (OS) bereit: [&hellip;]","og_url":"https:\/\/odonata-certification.com\/es\/impressum\/","og_site_name":"Odonata","article_modified_time":"2025-08-04T18:11:15+00:00","twitter_card":"summary_large_image","twitter_misc":{"Tiempo de lectura":"8 minutos"},"schema":{"@context":"https:\/\/schema.org","@graph":[{"@type":"WebPage","@id":"https:\/\/odonata-certification.com\/es\/impressum\/","url":"https:\/\/odonata-certification.com\/es\/impressum\/","name":"Impressum - Odonata","isPartOf":{"@id":"https:\/\/odonata-c9wiv5m56m.live-website.com\/#website"},"primaryImageOfPage":{"@id":"https:\/\/odonata-certification.com\/es\/impressum\/#primaryimage"},"image":{"@id":"https:\/\/odonata-certification.com\/es\/impressum\/#primaryimage"},"thumbnailUrl":"https:\/\/odonata-certification.com\/wp-content\/uploads\/2025\/04\/odonata-mariq-petkova-snd4Li9yd0c-unsplash.webp","datePublished":"2025-04-22T16:57:59+00:00","dateModified":"2025-08-04T18:11:15+00:00","breadcrumb":{"@id":"https:\/\/odonata-certification.com\/es\/impressum\/#breadcrumb"},"inLanguage":"es","potentialAction":[{"@type":"ReadAction","target":["https:\/\/odonata-certification.com\/es\/impressum\/"]}]},{"@type":"ImageObject","inLanguage":"es","@id":"https:\/\/odonata-certification.com\/es\/impressum\/#primaryimage","url":"https:\/\/odonata-certification.com\/wp-content\/uploads\/2025\/04\/odonata-mariq-petkova-snd4Li9yd0c-unsplash.webp","contentUrl":"https:\/\/odonata-certification.com\/wp-content\/uploads\/2025\/04\/odonata-mariq-petkova-snd4Li9yd0c-unsplash.webp","width":2400,"height":1200},{"@type":"BreadcrumbList","@id":"https:\/\/odonata-certification.com\/es\/impressum\/#breadcrumb","itemListElement":[{"@type":"ListItem","position":1,"name":"Inicio","item":"https:\/\/odonata-certification.com\/es\/inicio\/"},{"@type":"ListItem","position":2,"name":"Impressum"}]},{"@type":"WebSite","@id":"https:\/\/odonata-c9wiv5m56m.live-website.com\/#website","url":"https:\/\/odonata-c9wiv5m56m.live-website.com\/","name":"Odonata","description":"Certification Services","potentialAction":[{"@type":"SearchAction","target":{"@type":"EntryPoint","urlTemplate":"https:\/\/odonata-c9wiv5m56m.live-website.com\/?s={search_term_string}"},"query-input":{"@type":"PropertyValueSpecification","valueRequired":true,"valueName":"search_term_string"}}],"inLanguage":"es"}]}},"_links":{"self":[{"href":"https:\/\/odonata-certification.com\/es\/wp-json\/wp\/v2\/pages\/5246","targetHints":{"allow":["GET"]}}],"collection":[{"href":"https:\/\/odonata-certification.com\/es\/wp-json\/wp\/v2\/pages"}],"about":[{"href":"https:\/\/odonata-certification.com\/es\/wp-json\/wp\/v2\/types\/page"}],"author":[{"embeddable":true,"href":"https:\/\/odonata-certification.com\/es\/wp-json\/wp\/v2\/users\/2"}],"replies":[{"embeddable":true,"href":"https:\/\/odonata-certification.com\/es\/wp-json\/wp\/v2\/comments?post=5246"}],"version-history":[{"count":6,"href":"https:\/\/odonata-certification.com\/es\/wp-json\/wp\/v2\/pages\/5246\/revisions"}],"predecessor-version":[{"id":5686,"href":"https:\/\/odonata-certification.com\/es\/wp-json\/wp\/v2\/pages\/5246\/revisions\/5686"}],"wp:featuredmedia":[{"embeddable":true,"href":"https:\/\/odonata-certification.com\/es\/wp-json\/wp\/v2\/media\/4995"}],"wp:attachment":[{"href":"https:\/\/odonata-certification.com\/es\/wp-json\/wp\/v2\/media?parent=5246"}],"curies":[{"name":"wp","href":"https:\/\/api.w.org\/{rel}","templated":true}]}}